{"id":1276,"date":"2024-11-02T16:10:12","date_gmt":"2024-11-02T15:10:12","guid":{"rendered":"https:\/\/tappeiner.cateringpro.de\/architektur\/"},"modified":"2024-12-04T13:09:15","modified_gmt":"2024-12-04T12:09:15","slug":"architektur","status":"publish","type":"page","link":"https:\/\/atelier-tappeiner.de\/it\/architektur\/","title":{"rendered":"architettura"},"content":{"rendered":"<p>[et_pb_section fb_built=&#8221;1&#8243; _builder_version=&#8221;4.27.4&#8243; _module_preset=&#8221;default&#8221; custom_padding=&#8221;||0px||false|false&#8221; global_colors_info=&#8221;{}&#8221;][et_pb_row module_class=&#8221;head-unter&#8221; _builder_version=&#8221;4.27.4&#8243; _module_preset=&#8221;default&#8221; global_colors_info=&#8221;{}&#8221;][et_pb_column type=&#8221;4_4&#8243; _builder_version=&#8221;4.27.2&#8243; _module_preset=&#8221;default&#8221; global_colors_info=&#8221;{}&#8221;][et_pb_text _builder_version=&#8221;4.27.4&#8243; _module_preset=&#8221;default&#8221; global_colors_info=&#8221;{}&#8221;]<\/p>\n<h1>Tappeiner<br \/>architettura<\/h1>\n<p id=\"tw-target-text\" class=\"tw-data-text tw-text-large tw-ta\" dir=\"ltr\" data-placeholder=\"\u00dcbersetzung\" data-ved=\"2ahUKEwjr3KLk_oiKAxUp9AIHHZiPDhgQ3ewLegQIDBAT\" aria-label=\"\u00dcbersetzter Text: Meine Arbeit zeichnet sich durch subtile Integration in die r\u00e4umliche Umgebung, sorgf\u00e4ltige Bedarfsermittlung und au\u00dfergew\u00f6hnliche Gestaltung aus. Ein \u00fcber die Jahre gewachsenes Netzwerk aus kompetenten Spezialisten und Handwerkern unterst\u00fctzt mich bei der verantwortungsvollen Gestaltung innovativer und au\u00dfergew\u00f6hnlicher L\u00f6sungen. Die Bilder zeigen eine Auswahl von Projekten mit Modellcharakter.\"><span class=\"Y2IQFc\" lang=\"de\">Il mio lavoro \u00e8 caratterizzato da una sottile integrazione nell&#8217;ambiente spaziale, un&#8217;attenta valutazione delle esigenze e un design straordinario. Una rete di specialisti e artigiani competenti, cresciuta negli anni, mi sopporta nella realizzazione responsabile di soluzioni innovative e insolite. Le immagini mostrano una selezione di progetti dal carattere modello.<\/span><\/p>\n<p><span class=\"Y2IQFc\" lang=\"it\">\u00a0<\/span><\/p>\n<p>[\/et_pb_text][et_pb_text module_class=&#8221;erwerb&#8221; _builder_version=&#8221;4.27.4&#8243; _module_preset=&#8221;default&#8221; global_colors_info=&#8221;{}&#8221;]<\/p>\n<h4>Specializzazione:<\/h4>\n<p>&nbsp;<\/p>\n<p id=\"tw-target-text\" class=\"tw-data-text tw-text-large tw-ta\" dir=\"ltr\" data-placeholder=\"\u00dcbersetzung\" data-ved=\"2ahUKEwjexsC3gI6KAxVUQkEAHVfHJJkQ3ewLegQICxAT\" aria-label=\"\u00dcbersetzter Text: Fornisco consulenza su progetti nel settore sanitario (comprese cliniche e studi medici a partire da 250 m\u00b2). I miei servizi comprendono analisi delle esigenze e di fattibilit\u00e0, planimetrie e ristrutturazione in fase di inizializzazione. Vi prego di contattarmi utilizzando il modulo di contatto per ulteriori informazioni.\"><span class=\"Y2IQFc\" lang=\"it\">Fornisco consulenza su progetti nel settore sanitario (comprese cliniche e centri medici a partire da 250 m\u00b2). I miei servizi comprendono analisi delle esigenze e di fattibilit\u00e0, planimetrie e ristrutturazione in fase di inizializzazione. Vi prego di contattarmi utilizzando il <a href=\"https:\/\/atelier-tappeiner.de\/it\/kontakt\/\">modulo di contatto<\/a> per ulteriori informazioni.<\/span><\/p>\n<p>&nbsp;<\/p>\n<p>[\/et_pb_text][\/et_pb_column][\/et_pb_row][\/et_pb_section][et_pb_section fb_built=&#8221;1&#8243; specialty=&#8221;on&#8221; module_class=&#8221;unterseite-bilder&#8221; _builder_version=&#8221;4.27.2&#8243; _module_preset=&#8221;default&#8221; global_colors_info=&#8221;{}&#8221;][et_pb_column type=&#8221;1_4&#8243; _builder_version=&#8221;4.16&#8243; custom_padding=&#8221;|||&#8221; global_colors_info=&#8221;{}&#8221; custom_padding__hover=&#8221;|||&#8221;][et_pb_text module_class=&#8221;anker&#8221; _builder_version=&#8221;4.27.4&#8243; _module_preset=&#8221;default&#8221; global_colors_info=&#8221;{}&#8221;]<\/p>\n<ul>\n<li><a href=\"#gesundheit\">Cliniche<\/a><\/li>\n<li><a href=\"#buero\">Uffici<\/a><\/li>\n<li><a href=\"#wohnen\">Case private<\/a><\/li>\n<\/ul>\n<p>[\/et_pb_text][\/et_pb_column][et_pb_column type=&#8221;3_4&#8243; specialty_columns=&#8221;3&#8243; _builder_version=&#8221;4.16&#8243; custom_padding=&#8221;|||&#8221; global_colors_info=&#8221;{}&#8221; custom_padding__hover=&#8221;|||&#8221;][et_pb_row_inner module_id=&#8221;gesundheit&#8221; module_class=&#8221;ds-section&#8221; _builder_version=&#8221;4.27.4&#8243; _module_preset=&#8221;default&#8221; global_colors_info=&#8221;{}&#8221;][et_pb_column_inner saved_specialty_column_type=&#8221;3_4&#8243; _builder_version=&#8221;4.27.2&#8243; _module_preset=&#8221;default&#8221; global_colors_info=&#8221;{}&#8221;][et_pb_image src=&#8221;https:\/\/atelier-tappeiner.de\/wp-content\/uploads\/2024\/11\/atelier-tappeiner.jpg&#8221; title_text=&#8221;atelier-tappeiner&#8221; _builder_version=&#8221;4.27.4&#8243; _module_preset=&#8221;default&#8221; global_colors_info=&#8221;{}&#8221;][\/et_pb_image][et_pb_text _builder_version=&#8221;4.27.4&#8243; _module_preset=&#8221;default&#8221; global_colors_info=&#8221;{}&#8221;]<\/p>\n<p><strong>Hautmedizin Bad Soden\u00a0 <\/strong>2020<\/p>\n<h4>Medicina estetica<\/h4>\n<p>[\/et_pb_text][\/et_pb_column_inner][\/et_pb_row_inner][et_pb_row_inner _builder_version=&#8221;4.27.4&#8243; _module_preset=&#8221;default&#8221; global_colors_info=&#8221;{}&#8221;][et_pb_column_inner saved_specialty_column_type=&#8221;3_4&#8243; _builder_version=&#8221;4.27.2&#8243; _module_preset=&#8221;default&#8221; global_colors_info=&#8221;{}&#8221;][et_pb_image src=&#8221;https:\/\/atelier-tappeiner.de\/wp-content\/uploads\/2024\/11\/Hautklinik-48.jpg&#8221; title_text=&#8221;Hautklinik-48&#8243; _builder_version=&#8221;4.27.4&#8243; _module_preset=&#8221;default&#8221; global_colors_info=&#8221;{}&#8221;][\/et_pb_image][et_pb_text _builder_version=&#8221;4.27.4&#8243; _module_preset=&#8221;default&#8221; global_colors_info=&#8221;{}&#8221;]<\/p>\n<p><strong>Hautmedizin Bad Soden\u00a0 <\/strong>2020<\/p>\n<h4>Balneofototerapia<\/h4>\n<p>[\/et_pb_text][\/et_pb_column_inner][\/et_pb_row_inner][et_pb_row_inner _builder_version=&#8221;4.27.2&#8243; _module_preset=&#8221;default&#8221; global_colors_info=&#8221;{}&#8221;][et_pb_column_inner saved_specialty_column_type=&#8221;3_4&#8243; _builder_version=&#8221;4.27.2&#8243; _module_preset=&#8221;default&#8221; global_colors_info=&#8221;{}&#8221;][et_pb_image src=&#8221;https:\/\/atelier-tappeiner.de\/wp-content\/uploads\/2024\/11\/Hautklinik-20.jpg&#8221; title_text=&#8221;Hautklinik-20&#8243; admin_label=&#8221;Bild&#8221; _builder_version=&#8221;4.27.4&#8243; _module_preset=&#8221;default&#8221; global_colors_info=&#8221;{}&#8221;][\/et_pb_image][et_pb_text _builder_version=&#8221;4.27.4&#8243; _module_preset=&#8221;default&#8221; global_colors_info=&#8221;{}&#8221;]<\/p>\n<p><strong>Hautmedizin Bad Soden<\/strong>\u00a0 2020<\/p>\n<h4>Dermatochirurgia<\/h4>\n<p>[\/et_pb_text][\/et_pb_column_inner][\/et_pb_row_inner][et_pb_row_inner module_class=&#8221;strich-center&#8221; _builder_version=&#8221;4.27.2&#8243; _module_preset=&#8221;default&#8221; global_colors_info=&#8221;{}&#8221;][et_pb_column_inner saved_specialty_column_type=&#8221;3_4&#8243; _builder_version=&#8221;4.27.2&#8243; _module_preset=&#8221;default&#8221; global_colors_info=&#8221;{}&#8221;][et_pb_code _builder_version=&#8221;4.27.2&#8243; _module_preset=&#8221;default&#8221; global_colors_info=&#8221;{}&#8221;]<span class=\"strich\"><\/span>[\/et_pb_code][\/et_pb_column_inner][\/et_pb_row_inner][et_pb_row_inner _builder_version=&#8221;4.27.4&#8243; _module_preset=&#8221;default&#8221; global_colors_info=&#8221;{}&#8221;][et_pb_column_inner saved_specialty_column_type=&#8221;3_4&#8243; _builder_version=&#8221;4.27.2&#8243; _module_preset=&#8221;default&#8221; global_colors_info=&#8221;{}&#8221;][et_pb_image src=&#8221;https:\/\/atelier-tappeiner.de\/wp-content\/uploads\/2024\/11\/Hautklinik-5.jpg&#8221; title_text=&#8221;Hautklinik-5&#8243; _builder_version=&#8221;4.27.4&#8243; _module_preset=&#8221;default&#8221; global_colors_info=&#8221;{}&#8221;][\/et_pb_image][et_pb_text _builder_version=&#8221;4.27.4&#8243; _module_preset=&#8221;default&#8221; global_colors_info=&#8221;{}&#8221;]<\/p>\n<p><strong>Procutis Bad Soden<\/strong>\u00a0 2020<\/p>\n<h4>Shop<\/h4>\n<p>[\/et_pb_text][\/et_pb_column_inner][\/et_pb_row_inner][et_pb_row_inner module_class=&#8221;strich-center&#8221; _builder_version=&#8221;4.27.2&#8243; _module_preset=&#8221;default&#8221; global_colors_info=&#8221;{}&#8221;][et_pb_column_inner saved_specialty_column_type=&#8221;3_4&#8243; _builder_version=&#8221;4.27.2&#8243; _module_preset=&#8221;default&#8221; global_colors_info=&#8221;{}&#8221;][et_pb_code _builder_version=&#8221;4.27.2&#8243; _module_preset=&#8221;default&#8221; global_colors_info=&#8221;{}&#8221;]<span class=\"strich\"><\/span>[\/et_pb_code][\/et_pb_column_inner][\/et_pb_row_inner][et_pb_row_inner _builder_version=&#8221;4.27.2&#8243; _module_preset=&#8221;default&#8221; global_colors_info=&#8221;{}&#8221;][et_pb_column_inner saved_specialty_column_type=&#8221;3_4&#8243; _builder_version=&#8221;4.27.2&#8243; _module_preset=&#8221;default&#8221; global_colors_info=&#8221;{}&#8221;][et_pb_image src=&#8221;https:\/\/atelier-tappeiner.de\/wp-content\/uploads\/2024\/11\/PIT-01_Breitbild.jpg&#8221; title_text=&#8221;PIT-01_Breitbild&#8221; _builder_version=&#8221;4.27.4&#8243; _module_preset=&#8221;default&#8221; global_colors_info=&#8221;{}&#8221;][\/et_pb_image][et_pb_text module_class=&#8221;gross&#8221; _builder_version=&#8221;4.27.4&#8243; _module_preset=&#8221;default&#8221; global_colors_info=&#8221;{}&#8221;]<\/p>\n<p><strong>hautklinik I bad soden<\/strong>\u00a0 2016<\/p>\n<h4>Analisi di fattibilit\u00e0<\/h4>\n<p>[\/et_pb_text][\/et_pb_column_inner][\/et_pb_row_inner][et_pb_row_inner module_class=&#8221;strich-center&#8221; _builder_version=&#8221;4.27.2&#8243; _module_preset=&#8221;default&#8221; global_colors_info=&#8221;{}&#8221;][et_pb_column_inner saved_specialty_column_type=&#8221;3_4&#8243; _builder_version=&#8221;4.27.2&#8243; _module_preset=&#8221;default&#8221; global_colors_info=&#8221;{}&#8221;][et_pb_code _builder_version=&#8221;4.27.2&#8243; _module_preset=&#8221;default&#8221; global_colors_info=&#8221;{}&#8221;]<span class=\"strich\"><\/span>[\/et_pb_code][\/et_pb_column_inner][\/et_pb_row_inner][et_pb_row_inner module_id=&#8221;buero&#8221; module_class=&#8221;ds-section&#8221; _builder_version=&#8221;4.27.4&#8243; _module_preset=&#8221;default&#8221; global_colors_info=&#8221;{}&#8221;][et_pb_column_inner saved_specialty_column_type=&#8221;3_4&#8243; _builder_version=&#8221;4.27.2&#8243; _module_preset=&#8221;default&#8221; global_colors_info=&#8221;{}&#8221;][et_pb_image src=&#8221;https:\/\/atelier-tappeiner.de\/wp-content\/uploads\/2024\/11\/Modellphoto_Spreepalais-am-Dom.jpg&#8221; title_text=&#8221;Modellphoto_Spreepalais-am-Dom&#8221; _builder_version=&#8221;4.27.4&#8243; _module_preset=&#8221;default&#8221; global_colors_info=&#8221;{}&#8221;][\/et_pb_image][et_pb_text _builder_version=&#8221;4.27.4&#8243; _module_preset=&#8221;default&#8221; global_colors_info=&#8221;{}&#8221;]<\/p>\n<p><strong>Alte B\u00f6rse Berlin<\/strong>\u00a0 1993 &#8211; 1998<\/p>\n<h4>Edificio commerciale ed uffici<\/h4>\n<p>[\/et_pb_text][\/et_pb_column_inner][\/et_pb_row_inner][et_pb_row_inner module_class=&#8221;strich-center&#8221; _builder_version=&#8221;4.27.2&#8243; _module_preset=&#8221;default&#8221; global_colors_info=&#8221;{}&#8221;][et_pb_column_inner saved_specialty_column_type=&#8221;3_4&#8243; _builder_version=&#8221;4.27.2&#8243; _module_preset=&#8221;default&#8221; global_colors_info=&#8221;{}&#8221;][et_pb_code _builder_version=&#8221;4.27.2&#8243; _module_preset=&#8221;default&#8221; global_colors_info=&#8221;{}&#8221;]<span class=\"strich\"><\/span>[\/et_pb_code][\/et_pb_column_inner][\/et_pb_row_inner][et_pb_row_inner _builder_version=&#8221;4.27.4&#8243; _module_preset=&#8221;default&#8221; global_colors_info=&#8221;{}&#8221;][et_pb_column_inner saved_specialty_column_type=&#8221;3_4&#8243; _builder_version=&#8221;4.27.2&#8243; _module_preset=&#8221;default&#8221; global_colors_info=&#8221;{}&#8221;][et_pb_image src=&#8221;https:\/\/atelier-tappeiner.de\/wp-content\/uploads\/2024\/11\/Modellphoto_Hochhaus-Westendstrasse-1-Frankfurt-am-Main.jpg&#8221; title_text=&#8221;Modellphoto_Hochhaus-Westendstra\u00dfe-1-Frankfurt-am-Main&#8221; _builder_version=&#8221;4.27.4&#8243; _module_preset=&#8221;default&#8221; global_colors_info=&#8221;{}&#8221;][\/et_pb_image][et_pb_text _builder_version=&#8221;4.27.4&#8243; _module_preset=&#8221;default&#8221; global_colors_info=&#8221;{}&#8221;]<\/p>\n<p><strong>Grattacielo Westendstra\u00dfe 1 Francoforte sul Meno<\/strong>\u00a0 1993<\/p>\n<h4>Modello architettonico<\/h4>\n<p>[\/et_pb_text][\/et_pb_column_inner][\/et_pb_row_inner][et_pb_row_inner module_class=&#8221;strich-center&#8221; _builder_version=&#8221;4.27.2&#8243; _module_preset=&#8221;default&#8221; global_colors_info=&#8221;{}&#8221;][et_pb_column_inner saved_specialty_column_type=&#8221;3_4&#8243; _builder_version=&#8221;4.27.2&#8243; _module_preset=&#8221;default&#8221; global_colors_info=&#8221;{}&#8221;][et_pb_code _builder_version=&#8221;4.27.2&#8243; _module_preset=&#8221;default&#8221; global_colors_info=&#8221;{}&#8221;]<span class=\"strich\"><\/span>[\/et_pb_code][\/et_pb_column_inner][\/et_pb_row_inner][et_pb_row_inner module_id=&#8221;wohnen&#8221; module_class=&#8221;ds-section&#8221; _builder_version=&#8221;4.27.4&#8243; _module_preset=&#8221;default&#8221; global_colors_info=&#8221;{}&#8221;][et_pb_column_inner saved_specialty_column_type=&#8221;3_4&#8243; _builder_version=&#8221;4.27.2&#8243; _module_preset=&#8221;default&#8221; global_colors_info=&#8221;{}&#8221;][et_pb_image src=&#8221;https:\/\/atelier-tappeiner.de\/wp-content\/uploads\/2024\/11\/IMG_8501.jpg&#8221; title_text=&#8221;IMG_8501&#8243; _builder_version=&#8221;4.27.4&#8243; _module_preset=&#8221;default&#8221; global_colors_info=&#8221;{}&#8221;][\/et_pb_image][et_pb_text module_class=&#8221;gross&#8221; _builder_version=&#8221;4.27.4&#8243; _module_preset=&#8221;default&#8221; global_colors_info=&#8221;{}&#8221;]<\/p>\n<p><strong>MU I bad homburg<\/strong>\u00a0 2000 &#8211; 2010<\/p>\n<h4>est<\/h4>\n<p>[\/et_pb_text][\/et_pb_column_inner][\/et_pb_row_inner][et_pb_row_inner _builder_version=&#8221;4.27.2&#8243; _module_preset=&#8221;default&#8221; global_colors_info=&#8221;{}&#8221;][et_pb_column_inner saved_specialty_column_type=&#8221;3_4&#8243; _builder_version=&#8221;4.27.2&#8243; _module_preset=&#8221;default&#8221; global_colors_info=&#8221;{}&#8221;][et_pb_image src=&#8221;https:\/\/atelier-tappeiner.de\/wp-content\/uploads\/2024\/11\/IMG_8214.jpg&#8221; title_text=&#8221;IMG_8214&#8243; _builder_version=&#8221;4.27.2&#8243; _module_preset=&#8221;default&#8221; global_colors_info=&#8221;{}&#8221;][\/et_pb_image][et_pb_text module_class=&#8221;gross&#8221; _builder_version=&#8221;4.27.4&#8243; _module_preset=&#8221;default&#8221; global_colors_info=&#8221;{}&#8221;]<\/p>\n<p><strong>MU I bad homburg\u00a0 <\/strong>2000 &#8211; 2010<\/p>\n<h4>salon<\/h4>\n<p>[\/et_pb_text][\/et_pb_column_inner][\/et_pb_row_inner][\/et_pb_column][\/et_pb_section]<\/p>\n","protected":false},"excerpt":{"rendered":"<p>Tappeinerarchitettura Il mio lavoro \u00e8 caratterizzato da una sottile integrazione nell&#8217;ambiente spaziale, un&#8217;attenta valutazione delle esigenze e un design straordinario. Una rete di specialisti e artigiani competenti, cresciuta negli anni, mi sopporta nella realizzazione responsabile di soluzioni innovative e insolite. Le immagini mostrano una selezione di progetti dal carattere modello. \u00a0Specializzazione: &nbsp; Fornisco consulenza su [&hellip;]<\/p>\n","protected":false},"author":1,"featured_media":0,"parent":0,"menu_order":0,"comment_status":"closed","ping_status":"closed","template":"","meta":{"_et_pb_use_builder":"on","_et_pb_old_content":"","_et_gb_content_width":"","inline_featured_image":false,"footnotes":""},"class_list":["post-1276","page","type-page","status-publish","hentry"],"yoast_head":"<!-- This site is optimized with the Yoast SEO plugin v23.9 - https:\/\/yoast.com\/wordpress\/plugins\/seo\/ -->\n<title>architettura | atelier tappeiner<\/title>\n<meta name=\"robots\" content=\"index, follow, max-snippet:-1, max-image-preview:large, max-video-preview:-1\" \/>\n<link rel=\"canonical\" href=\"https:\/\/atelier-tappeiner.de\/it\/architektur\/\" \/>\n<meta property=\"og:locale\" content=\"it_IT\" \/>\n<meta property=\"og:type\" content=\"article\" \/>\n<meta property=\"og:title\" content=\"architettura | atelier tappeiner\" \/>\n<meta property=\"og:description\" content=\"Tappeinerarchitettura Il mio lavoro \u00e8 caratterizzato da una sottile integrazione nell&#039;ambiente spaziale, un&#039;attenta valutazione delle esigenze e un design straordinario. Una rete di specialisti e artigiani competenti, cresciuta negli anni, mi sopporta nella realizzazione responsabile di soluzioni innovative e insolite. Le immagini mostrano una selezione di progetti dal carattere modello. \u00a0Specializzazione: &nbsp; Fornisco consulenza su [&hellip;]\" \/>\n<meta property=\"og:url\" content=\"https:\/\/atelier-tappeiner.de\/it\/architektur\/\" \/>\n<meta property=\"og:site_name\" content=\"atelier tappeiner\" \/>\n<meta property=\"article:modified_time\" content=\"2024-12-04T12:09:15+00:00\" \/>\n<meta name=\"twitter:card\" content=\"summary_large_image\" \/>\n<meta name=\"twitter:label1\" content=\"Tempo di lettura stimato\" \/>\n\t<meta name=\"twitter:data1\" content=\"3 minuti\" \/>\n<script type=\"application\/ld+json\" class=\"yoast-schema-graph\">{\"@context\":\"https:\/\/schema.org\",\"@graph\":[{\"@type\":\"WebPage\",\"@id\":\"https:\/\/atelier-tappeiner.de\/it\/architektur\/\",\"url\":\"https:\/\/atelier-tappeiner.de\/it\/architektur\/\",\"name\":\"architettura | atelier tappeiner\",\"isPartOf\":{\"@id\":\"https:\/\/atelier-tappeiner.de\/#website\"},\"datePublished\":\"2024-11-02T15:10:12+00:00\",\"dateModified\":\"2024-12-04T12:09:15+00:00\",\"breadcrumb\":{\"@id\":\"https:\/\/atelier-tappeiner.de\/it\/architektur\/#breadcrumb\"},\"inLanguage\":\"it-IT\",\"potentialAction\":[{\"@type\":\"ReadAction\",\"target\":[\"https:\/\/atelier-tappeiner.de\/it\/architektur\/\"]}]},{\"@type\":\"BreadcrumbList\",\"@id\":\"https:\/\/atelier-tappeiner.de\/it\/architektur\/#breadcrumb\",\"itemListElement\":[{\"@type\":\"ListItem\",\"position\":1,\"name\":\"Startseite\",\"item\":\"https:\/\/atelier-tappeiner.de\/it\/\"},{\"@type\":\"ListItem\",\"position\":2,\"name\":\"architettura\"}]},{\"@type\":\"WebSite\",\"@id\":\"https:\/\/atelier-tappeiner.de\/#website\",\"url\":\"https:\/\/atelier-tappeiner.de\/\",\"name\":\"atelier tappeiner\",\"description\":\"\",\"potentialAction\":[{\"@type\":\"SearchAction\",\"target\":{\"@type\":\"EntryPoint\",\"urlTemplate\":\"https:\/\/atelier-tappeiner.de\/?s={search_term_string}\"},\"query-input\":{\"@type\":\"PropertyValueSpecification\",\"valueRequired\":true,\"valueName\":\"search_term_string\"}}],\"inLanguage\":\"it-IT\"}]}<\/script>\n<!-- \/ Yoast SEO plugin. -->","yoast_head_json":{"title":"architettura | atelier tappeiner","robots":{"index":"index","follow":"follow","max-snippet":"max-snippet:-1","max-image-preview":"max-image-preview:large","max-video-preview":"max-video-preview:-1"},"canonical":"https:\/\/atelier-tappeiner.de\/it\/architektur\/","og_locale":"it_IT","og_type":"article","og_title":"architettura | atelier tappeiner","og_description":"Tappeinerarchitettura Il mio lavoro \u00e8 caratterizzato da una sottile integrazione nell'ambiente spaziale, un'attenta valutazione delle esigenze e un design straordinario. Una rete di specialisti e artigiani competenti, cresciuta negli anni, mi sopporta nella realizzazione responsabile di soluzioni innovative e insolite. Le immagini mostrano una selezione di progetti dal carattere modello. \u00a0Specializzazione: &nbsp; Fornisco consulenza su [&hellip;]","og_url":"https:\/\/atelier-tappeiner.de\/it\/architektur\/","og_site_name":"atelier tappeiner","article_modified_time":"2024-12-04T12:09:15+00:00","twitter_card":"summary_large_image","twitter_misc":{"Tempo di lettura stimato":"3 minuti"},"schema":{"@context":"https:\/\/schema.org","@graph":[{"@type":"WebPage","@id":"https:\/\/atelier-tappeiner.de\/it\/architektur\/","url":"https:\/\/atelier-tappeiner.de\/it\/architektur\/","name":"architettura | atelier tappeiner","isPartOf":{"@id":"https:\/\/atelier-tappeiner.de\/#website"},"datePublished":"2024-11-02T15:10:12+00:00","dateModified":"2024-12-04T12:09:15+00:00","breadcrumb":{"@id":"https:\/\/atelier-tappeiner.de\/it\/architektur\/#breadcrumb"},"inLanguage":"it-IT","potentialAction":[{"@type":"ReadAction","target":["https:\/\/atelier-tappeiner.de\/it\/architektur\/"]}]},{"@type":"BreadcrumbList","@id":"https:\/\/atelier-tappeiner.de\/it\/architektur\/#breadcrumb","itemListElement":[{"@type":"ListItem","position":1,"name":"Startseite","item":"https:\/\/atelier-tappeiner.de\/it\/"},{"@type":"ListItem","position":2,"name":"architettura"}]},{"@type":"WebSite","@id":"https:\/\/atelier-tappeiner.de\/#website","url":"https:\/\/atelier-tappeiner.de\/","name":"atelier tappeiner","description":"","potentialAction":[{"@type":"SearchAction","target":{"@type":"EntryPoint","urlTemplate":"https:\/\/atelier-tappeiner.de\/?s={search_term_string}"},"query-input":{"@type":"PropertyValueSpecification","valueRequired":true,"valueName":"search_term_string"}}],"inLanguage":"it-IT"}]}},"_links":{"self":[{"href":"https:\/\/atelier-tappeiner.de\/it\/wp-json\/wp\/v2\/pages\/1276","targetHints":{"allow":["GET"]}}],"collection":[{"href":"https:\/\/atelier-tappeiner.de\/it\/wp-json\/wp\/v2\/pages"}],"about":[{"href":"https:\/\/atelier-tappeiner.de\/it\/wp-json\/wp\/v2\/types\/page"}],"author":[{"embeddable":true,"href":"https:\/\/atelier-tappeiner.de\/it\/wp-json\/wp\/v2\/users\/1"}],"replies":[{"embeddable":true,"href":"https:\/\/atelier-tappeiner.de\/it\/wp-json\/wp\/v2\/comments?post=1276"}],"version-history":[{"count":21,"href":"https:\/\/atelier-tappeiner.de\/it\/wp-json\/wp\/v2\/pages\/1276\/revisions"}],"predecessor-version":[{"id":1374,"href":"https:\/\/atelier-tappeiner.de\/it\/wp-json\/wp\/v2\/pages\/1276\/revisions\/1374"}],"wp:attachment":[{"href":"https:\/\/atelier-tappeiner.de\/it\/wp-json\/wp\/v2\/media?parent=1276"}],"curies":[{"name":"wp","href":"https:\/\/api.w.org\/{rel}","templated":true}]}}